{"id":175,"date":"2017-10-29T23:42:03","date_gmt":"2017-10-29T14:42:03","guid":{"rendered":"http:\/\/www.dekirunihongo.jp\/?page_id=175"},"modified":"2025-03-17T12:48:23","modified_gmt":"2025-03-17T03:48:23","slug":"%e3%80%8c%e3%81%8d%e3%81%8d%e3%82%8b%e3%81%93%e3%81%a8%e3%80%8d%e5%90%84%e5%9b%bd%e8%aa%9e%e7%89%88","status":"publish","type":"page","link":"https:\/\/www.dekirunihongo.jp\/?page_id=175","title":{"rendered":"\u300e\u3067\u304d\u308b\u65e5\u672c\u8a9e\u300f\u7ffb\u8a33OL\uff24"},"content":{"rendered":"\n<figure class=\"wp-block-image size-large\"><img loading=\"lazy\" decoding=\"async\" width=\"700\" height=\"383\" src=\"https:\/\/www.dekirunihongo.jp\/wp-content\/uploads\/2023\/10\/ichiran20231017-700x383.png\" alt=\"\" class=\"wp-image-2122\" srcset=\"https:\/\/www.dekirunihongo.jp\/wp-content\/uploads\/2023\/10\/ichiran20231017-700x383.png 700w, https:\/\/www.dekirunihongo.jp\/wp-content\/uploads\/2023\/10\/ichiran20231017-300x164.png 300w, https:\/\/www.dekirunihongo.jp\/wp-content\/uploads\/2023\/10\/ichiran20231017-768x420.png 768w, https:\/\/www.dekirunihongo.jp\/wp-content\/uploads\/2023\/10\/ichiran20231017.png 1411w\" sizes=\"(max-width: 700px) 100vw, 700px\" \/><\/figure>\n\n\n\n<p><strong>\u672c\u518a\u306e\u8a9e\u5f59\u8a33<\/strong>\u306f\u3001\u30a2\u30eb\u30af\u306e\u30c0\u30a6\u30f3\u30ed\u30fc\u30c9\u30bb\u30f3\u30bf\u30fc\u304b\u3089\u4ee5\u4e0b\u306e\u30d0\u30fc\u30b8\u30e7\u30f3\u304c\u30c0\u30a6\u30f3\u30ed\u30fc\u30c9\u3067\u304d\u307e\u3059\u3002<\/p>\n\n\n\n<p>\u521d\u7d1a\u3001\u521d\u4e2d\u7d1a\u2192\u3000\u3000 \u82f1\u8a9e\u30fb\u4e2d\u56fd\u8a9e\u30fb\u97d3\u56fd\u8a9e\u30fb\u30d9\u30c8\u30ca\u30e0\u8a9e\u30fb\u30cd\u30d1\u30fc\u30eb\u8a9e<br>\u4e2d\u7d1a\u3000\u3000\u3000\u3000\u2192\u3000\u3000\u82f1\u8a9e\u30fb\u30d9\u30c8\u30ca\u30e0\u8a9e\u30fb\u30cd\u30d1\u30fc\u30eb\u8a9e<\/p>\n\n\n\n<p>  \u203b\u300c\u4e2d\u7d1a\uff19\u8ab2\u300d\u300c\u5730\uff08\u3058\uff09\u3079\u305f\u300d\u306e\u30eb\u30d3\u304c\u300c\u3062\u300d\u3068\u306a\u3063\u3066\u3044\u307e\u3059\u3002\u3053\u308c\u306f\u521d\u7248\u306e\u969b\u306b\u5370\u5237\u30df\u30b9\u3000\u3000\u3000\u3000\u3000\u304c\u3042\u3063\u305f\u3053\u3068\u306b\u3088\u308a\u307e\u3059\uff08\u6559\u79d1\u66f8\u306e\u8ab2\u30fb\u7d22\u5f15\u306e\u30eb\u30d3\u306f\u4fee\u6b63\u3055\u308c\u3066\u3044\u307e\u3059\uff09\u3002\u7533\u3057\u8a33\u3042\u308a\u307e\u305b\u3093\u3002<\/p>\n\n\n\n<p>\u3000\u3000\u3000\u3000\u3000\u3000\u3000\u3000\u3000\u3000\u3000\u3000\u3000\u3000\u3000\u3000\u3000\u3000\u3000\u3000\u3000\u3000\u3000\u3000\u3000\u3000\u3000\u3000\u3000\u3000\u3000\u3000\u3000\u30fb<\/p>\n\n\n\n<p>\u306a\u304a\u3001\u3053\u306e\u305f\u3073\u300c\u30bf\u30a4\u8a9e\u8a33\u300d\u3092\u4ee5\u4e0b\u306e\u65b9\u3005\u304c\u4f5c\u6210\u3057\u3001\u300c\u3067\u304d\u308b\u65e5\u672c\u8a9e\u3072\u308d\u3070\u300d\u306b\u63d0\u4f9b\u3057\u3066\u304f\u3060\u3055\u3044\u307e\u3057\u305f\u3002<br>\u5fc3\u3088\u308a\u611f\u8b1d\u3057\u3066\u3001\u30b5\u30a4\u30c8\u306b\u30a2\u30c3\u30d7\u3055\u305b\u3066\u3044\u305f\u3060\u304d\u307e\u3059\u3002<\/p>\n\n\n\n<p>\u25c6\u300e\u3067\u304d\u308b\u65e5\u672c\u8a9e\u521d\u7d1a\u3000\u672c\u518a\u300f\u8a9e\u5f59\u306e\u30bf\u30a4\u8a9e\u8a33<\/p>\n\n\n\n<p>Phetchai Ponpat\u3055\u3093<br>Ployrung Kesorn \u3055\u3093<br>Natcha Kulmala\u3055\u3093<\/p>\n\n\n\n<p>\uff35\uff32\uff2c\uff08\u5370\u5237\u7528\uff09\uff1a<a href=\"https:\/\/www.dekirunihongo.jp\/wp-content\/uploads\/doc\/syo_goi_Thailand01.pdf\" target=\"_blank\" rel=\"noopener\">https:\/\/www.dekirunihongo.jp\/wp-content\/uploads\/doc\/syo_goi_Thailand01.pdf<\/a><br>\uff35\uff32\uff2c\uff08\u7de8\u96c6\u7528\uff09\uff1a<a href=\"https:\/\/www.dekirunihongo.jp\/wp-content\/uploads\/doc\/syo_goi_Thailand02.pdf\" target=\"_blank\" rel=\"noopener\">https:\/\/www.dekirunihongo.jp\/wp-content\/uploads\/doc\/syo_goi_Thailand02.pdf<\/a><\/p>\n\n\n\n<p>\u25c6\u300e\u3067\u304d\u308b\u65e5\u672c\u8a9e\u521d\u4e2d\u7d1a\u3000\u672c\u518a\u300f\u8a9e\u5f59\u306e\u30bf\u30a4\u8a9e\u8a33<\/p>\n\n\n\n<p>Prapatsorn Charoenyingpaisal (Yong)\u3000\u3055\u3093<\/p>\n\n\n\n<p><a href=\"https:\/\/www.dekirunihongo.jp\/wp-content\/uploads\/doc\/Thai_syocyu.pdf\" target=\"_blank\" rel=\"noopener\">https:\/\/www.dekirunihongo.jp\/wp-content\/uploads\/doc\/Thai_syocyu.pdf<\/a><\/p>\n\n\n\n<p>\u25c6\u300e\u3067\u304d\u308b\u65e5\u672c\u8a9e\u521d\u7d1a\u3000\u672c\u518a\u300f\u8a9e\u5f59\u306e\u30a4\u30f3\u30c9\u30cd\u30b7\u30a2\u8a9e\u8a33<\/p>\n\n\n\n<p>Dwi\u3055\u3093<br>Sendy\u3055\u3093<\/p>\n\n\n\n<p><a href=\"https:\/\/www.dekirunihongo.jp\/wp-content\/uploads\/doc\/Indonesia.pdf\" target=\"_blank\" rel=\"noopener\">https:\/\/www.dekirunihongo.jp\/wp-content\/uploads\/doc\/Indonesia.pdf<\/a><\/p>\n\n\n\n<p>\u25c6\u300e\u3067\u304d\u308b\u65e5\u672c\u8a9e\u521d\u4e2d\u7d1a\u3000\u672c\u518a\u300f\u8a9e\u5f59\u306e\u30a4\u30f3\u30c9\u30cd\u30b7\u30a2\u8a9e\u8a33<\/p>\n\n\n\n<p><meta charset=\"utf-8\">Ms. Catherine Laura\u3000\uff08\u30ad\u30e3\u30b5\u30ea\u30f3\u30fb\u30ed\u30fc\u30e9\uff09 \u3055\u3093<\/p>\n\n\n\n<p><meta charset=\"utf-8\"><a rel=\"noopener\" href=\"https:\/\/www.dekirunihongo.jp\/wp-content\/uploads\/doc\/Indonesia_syocyu.pdf\" target=\"_blank\">https:\/\/www.dekirunihongo.jp\/wp-content\/uploads\/doc\/Indonesia_syocyu.pdf<\/a><\/p>\n\n\n\n<p>\u25c6\u300e\u3067\u304d\u308b\u65e5\u672c\u8a9e\u4e2d\u7d1a\u3000\u672c\u518a\u300f\u8a9e\u5f59\u306e\u30a4\u30f3\u30c9\u30cd\u30b7\u30a2\u8a9e\u8a33<\/p>\n\n\n\n<p><\/p>\n\n\n\n<p>Liliany Noviyanty Pamasi\u3055\u3093<\/p>\n\n\n\n<p>Mami Yamauchi\u3055\u3093<\/p>\n\n\n\n<p><a href=\"https:\/\/www.dekirunihongo.jp\/wp-content\/uploads\/doc\/Indonesia_cyu.pdf\" data-type=\"URL\" data-id=\"https:\/\/www.dekirunihongo.jp\/wp-content\/uploads\/doc\/Indonesia_cyu.pdf\" target=\"_blank\" rel=\"noreferrer noopener\">https:\/\/www.dekirunihongo.jp\/wp-content\/uploads\/doc\/Indonesia_cyu.pdf<\/a><\/p>\n\n\n\n<p>\u25c6\u300e\u3067\u304d\u308b\u65e5\u672c\u8a9e\u521d\u7d1a\u3000\u672c\u518a\u300f\u8a9e\u5f59\u306e\u30d5\u30e9\u30f3\u30b9\u8a9e\u8a33<\/p>\n\n\n\n<p>\u30c9\u30a5\u30cf \u30a4\u30f3\u30b2\u30c3\u30b5\u30f3 \u30a4\u30d6\u30fc\u30ed\u30e9\u30f3 (\u30b3\u30fc\u30c8\u30b8\u30dc\u30ef\u30fc\u30eb)\u3055\u3093<br>DOUHA N\u2019GUESSAN YVES-ROLAND\u3000(Cote d&#8217;Ivoire)\u3055\u3093<\/p>\n\n\n\n<p><a href=\"https:\/\/www.dekirunihongo.jp\/wp-content\/uploads\/doc\/France_syo_202105.pdf\" target=\"_blank\" rel=\"noopener\">https:\/\/www.dekirunihongo.jp\/wp-content\/uploads\/doc\/France_syo_202105.pdf<\/a><\/p>\n\n\n\n<p>\u25c6\u300e\u3067\u304d\u308b\u65e5\u672c\u8a9e\u521d\u4e2d\u7d1a\u3000\u672c\u518a\u300f\u8a9e\u5f59\u306e\u30d5\u30e9\u30f3\u30b9\u8a9e\u8a33<\/p>\n\n\n\n<p>\u3000\u5c71\u5f71\u3000\u54f2\u3055\u3093\uff08Atys International Academy\uff09<br>\u3000Franko Jessica Younitania Stecy \u3055\u3093<\/p>\n\n\n\n<p><a href=\"https:\/\/acras.heteml.net\/dekiru\/wp-content\/uploads\/doc\/France_syocyu_2024.pdf\" data-type=\"link\" data-id=\"https:\/\/acras.heteml.net\/dekiru\/wp-content\/uploads\/doc\/France_syocyu_2024.pdf\" target=\"_blank\" rel=\"noreferrer noopener\">https:\/\/acras.heteml.net\/dekiru\/wp-content\/uploads\/doc\/France_syocyu_2024.pdf<\/a><\/p>\n\n\n\n<p>\u25c6\u300e\u3067\u304d\u308b\u65e5\u672c\u8a9e\u4e2d\u7d1a\u3000\u672c\u518a\u300f\u8a9e\u5f59\u306e\u30d5\u30e9\u30f3\u30b9\u8a9e\u8a33<\/p>\n\n\n\n<p>Colin Dale \u3055\u3093<\/p>\n\n\n\n<p><a href=\"https:\/\/www.dekirunihongo.jp\/wp-content\/uploads\/doc\/France_cyu202105.pdf\" target=\"_blank\" rel=\"noopener\">https:\/\/www.dekirunihongo.jp\/wp-content\/uploads\/doc\/France_cyu202105.pdf<\/a><\/p>\n\n\n\n<p>\u25c6\u300e\u3067\u304d\u308b\u65e5\u672c\u8a9e\u521d\u7d1a\u3000\u672c\u518a\u300f\u8a9e\u5f59\u306e\u30b9\u30da\u30a4\u30f3\u8a9e\u8a33<\/p>\n\n\n\n<p>\u300c\u521d\u7d1a\u3000\u30b9\u30da\u30a4\u30f3\u8a9e\u7248\u300d\u306f\u3001\u307b\u307c\u540c\u6642\u306b\uff12\u3064\u306e\u30c1\u30fc\u30e0\u304c\u4f5c\u6210\u3057\u3066\u304f\u3060\u3055\u3044\u307e\u3057\u305f\u3002\u305b\u3063\u304b\u304f\u6642\u9593\u3068\u30a8\u30cd\u30eb\u30ae\u30fc\u3092\u4f7f\u3063\u3066\u4f5c\u3063\u3066\u304f\u3060\u3055\u3063\u305f\u306e\u3067\u3001\u4e00\u672c\u5316\u3059\u308b\u306e\u3067\u306f\u306a\u304f\u3001\u4e21\u65b9\u306e\u30d0\u30fc\u30b8\u30e7\u30f3\u3092\u30a2\u30c3\u30d7\u3055\u305b\u3066\u3044\u305f\u3060\u304d\u307e\u3059\u3002<\/p>\n\n\n\n<p>\u2160\uff0e\u30e1\u30ad\u30b7\u30b3\u30fb\u30b0\u30a2\u30c0\u30e9\u30cf\u30e9\u30c1\u30fc\u30e0<\/p>\n\n\n\n<p>\u30b0\u30a2\u30c0\u30e9\u30cf\u30e9\u65e5\u58a8\u6587\u5316\u4ea4\u6d41\u5b66\u9662<\/p>\n\n\n\n<p><a href=\"https:\/\/www.dekirunihongo.jp\/wp-content\/uploads\/2020\/11\/dekieu_goiyaku_sp_M_20201111.pdf\">https:\/\/www.dekirunihongo.jp\/wp-content\/uploads\/2020\/11\/dekieu_goiyaku_sp_M_20201111.pdf<\/a><\/p>\n\n\n\n<p>\u2161\uff0e\u30e9\u30c6\u30f3\u30a2\u30e1\u30ea\u30ab\u30c1\u30fc\u30e0<\/p>\n\n\n\n<p>Mario Eduardo Aburto Guti\u00e9rrez\u3055\u3093 (M\u00e9xico)<br>\u30de\u30ea\u30aa\u30fb\u30a8\u30c9\u30a5\u30a2\u30eb\u30c9\u30fb\u30a2\u30d6\u30eb\u30c8\u30fb\u30b0\u30c6\u30a3\u30a8\u30ec\u30b9\u3055\u3093\uff08\u30e1\u30ad\u30b7\u30b3\uff09<\/p>\n\n\n\n<p>Gamar Iv\u00e1n Azuaje Su\u00e1rez\u3055\u3093 (Venezuela)<br>\u30ac\u30de\u30eb\u30fb\u30a4\u30d0\u30f3\u30fb\u30a2\u30b9\u30a2\u30d8\u30fb\u30b9\u30a2\u30ec\u30b9\u3055\u3093\uff08\u3079\u30cd\u30ba\u30a8\u30e9\uff09<\/p>\n\n\n\n<p>Andr\u00e9s Roberto G\u00f3mez Vargas\u3055\u3093 (Colombia)<br>\u30a2\u30f3\u30c9\u30ec\u30b9\u30fb\u30ed\u30d9\u30eb\u30c8\u30fb\u30b4\u30e1\u30b9\u30fb\u30d0\u30eb\u30ac\u30b9\u3055\u3093\uff08\u30b3\u30ed\u30f3\u30d3\u30a2\uff09<\/p>\n\n\n\n<p>Pedro Miguel Urig\u00fcen Eljuri\u3055\u3093 (Ecuador)<br>\u30da\u30c9\u30ed\u30fb\u30df\u30b2\u30eb\u30fb \u30a6\u30ea\u30b0\u30a8\u30f3 \u30fb\u30a8\u30eb\u30d5\u30ea\u3055\u3093\uff08\u30a8\u30af\u30a2\u30c9\u30eb\uff09<\/p>\n\n\n\n<p>URL\uff08\u5370\u5237\u7528\uff09<a href=\"https:\/\/www.dekirunihongo.jp\/wp-content\/uploads\/2020\/11\/dekiru_boiyaku_A_hensyu_20201111.pdf\" target=\"_blank\" rel=\"noopener\">https:\/\/www.dekirunihongo.jp\/wp-content\/uploads\/2020\/11\/dekiru_boiyaku_A_hensyu_20201111.pdf<\/a><br>URL\uff08\u7de8\u96c6\u7528\uff09<a href=\"https:\/\/www.dekirunihongo.jp\/wp-content\/uploads\/2020\/11\/dekiru_goiyaku_A_insatu20201111.pdf\" target=\"_blank\" rel=\"noopener\">https:\/\/www.dekirunihongo.jp\/wp-content\/uploads\/2020\/11\/dekiru_goiyaku_A_insatu20201111.pdf<\/a><\/p>\n\n\n\n<p>\u25c6\u300e\u3067\u304d\u308b\u65e5\u672c\u8a9e\u521d\u4e2d\u7d1a\u3000\u672c\u518a\u300f\u8a9e\u5f59\u306e\u30b9\u30da\u30a4\u30f3\u8a9e\u8a33<\/p>\n\n\n\n<p>\u4f5c\u6210\u3057\u3066\u304f\u3060\u3055\u3063\u305f\u65b9\u3005<br>Atsuko Miyajima\u3055\u3093, Carlos Daniel Rojas Frausto\u3055\u3093, V\u00edctor S\u00e1nchez\u3055\u3093(\u30a4\u30f3\u30bf\u30fc\u30cd\u30c3\u30c8\u65e5\u672c\u8a9e\u5b66\u6821\u300c\u52c9\u5f37\u3057\u3088\u3046\u300d\uff09<br>Emma\u3000Yolanda Hernandez\u3000Godinez\u3055\u3093\u3000\uff08UNAM)<\/p>\n\n\n\n<p>\u30b9\u30da\u30a4\u30f3\u8a9e\u306f\uff12\uff11\u306e\u56fd\u30fb\u5730\u57df\u3067\u4f7f\u308f\u308c\u3066\u3044\u307e\u3059\u3002<br>\u305d\u306e\u305f\u3081\u3001\u8a9e\u5f59\u3082\u56fd\u30fb\u5730\u57df\u306b\u3088\u3063\u3066\u9055\u3044\u304c\u3042\u308a\u3001<br>\u304a\u4e92\u3044\u306b\u901a\u3058\u306a\u3044\u5834\u5408\u3082\u3042\u308a\u307e\u3059\uff08\u7279\u306b\u5357\u7c73\u3068\u30b9\u30da\u30a4\u30f3\u3067\u306f\u9055\u3046\u3053\u3068\u304c\u591a\u3044\u3067\u3059\uff09\u3002<br>\u521d\u4e2d\u7d1a\u7ffb\u8a33\u30c1\u30fc\u30e0\u306f\u30e1\u30ad\u30b7\u30b3\u306e\u30b9\u30da\u30a4\u30f3\u8a9e\u4f7f\u7528\u306e\u65b9\u3005\u3067\u3042\u3063\u305f<br>\u3053\u3068\u304b\u3089\u3001\u30b3\u30ed\u30f3\u30d3\u30a2\u3001\u30b9\u30da\u30a4\u30f3\u306e\u65b9\u306b\u3082\u30c1\u30a7\u30c3\u30af\u3092\u3057\u3066\u3044\u305f\u3060\u304d\u307e\u3057\u305f\u3002<br>\u305d\u3053\u3067\u3001\u9055\u3044\u304c\u9855\u8457\u306a\u8a9e\u5f59\u306b\u95a2\u3057\u3066\u306f\u3001\uff23\uff08\u30b3\u30ed\u30f3\u30d3\u30a2\uff09\u3001\uff25\uff08\u30b9\u30da\u30a4\u30f3\uff09\u3001<br>\uff2d\uff08\u30e1\u30ad\u30b7\u30b3\uff09\u3068\u8a18\u53f7\u3092\u5165\u308c\u308b\u3053\u3068\u306b\u3057\u307e\u3057\u305f\u3002<\/p>\n\n\n\n<p><a href=\"https:\/\/www.dekirunihongo.jp\/wp-content\/uploads\/doc\/dekiru_goiyaku_sp_20201215.pdf\" target=\"_blank\" rel=\"noopener\">https:\/\/www.dekirunihongo.jp\/wp-content\/uploads\/doc\/dekiru_goiyaku_sp_20201215.pdf<\/a><\/p>\n\n\n\n<p>\u25c6\u300e\u3067\u304d\u308b\u65e5\u672c\u8a9e\u4e2d\u7d1a\u3000\u672c\u518a\u300f\u8a9e\u5f59\u306e\u30b9\u30da\u30a4\u30f3\u8a9e\u8a33<\/p>\n\n\n\n<p><a href=\"https:\/\/www.dekirunihongo.jp\/wp-content\/uploads\/doc\/sp_cyu.pdf\" target=\"_blank\" rel=\"noopener\">https:\/\/www.dekirunihongo.jp\/wp-content\/uploads\/doc\/sp_cyu.pdf<\/a><\/p>\n\n\n\n<p>\u7ffb\u8a33\u8005<\/p>\n\n\n\n<div dir=\"auto\">Atsuko Miyajima (Jap\u00f3n)<\/div>\n\n\n\n<div dir=\"auto\">Carlos Daniel Rojas Frausto (M\u00e9ixco)<\/div>\n\n\n\n<div dir=\"auto\">Carlos Emilio Gonzales Rivera (Guatemala)<\/div>\n\n\n\n<div dir=\"auto\">&nbsp;Emma Yolanda Hernandez Godinez(M\u00e9xico)<\/div>\n\n\n\n<div dir=\"auto\">&nbsp;un colaborador an\u00f3nimo espa\u00f1ol (Espa\u00f1a)<\/div>\n\n\n\n<div dir=\"auto\">\u3000\u3000\u3000\u3000\u3000\u3000\u3000\u3000\u3000\u3000\u3000\u3000\u3000\u3000\u3000\u3000\u3000\u3000\u3000\u3000<span style=\"font-size: 8pt;\">\u3000\u3000\u30fb<\/span><\/div>\n\n\n\n<p>\u25c6\u300e\u3067\u304d\u308b\u65e5\u672c\u8a9e\u521d\u7d1a\u3000\u672c\u518a\u300f\u8a9e\u5f59\u306e\u30df\u30e3\u30f3\u30de\u30fc\u8a9e\u8a33<\/p>\n\n\n\n<p>\u7ffb\u8a33\u8005<br>Nyunt Nyunt Aye\u3055\u3093<br>Kyi Kyi Naing\u3055\u3093<\/p>\n\n\n\n<p><a href=\"https:\/\/www.dekirunihongo.jp\/wp-content\/uploads\/doc\/myanmar_syo.pdf\" target=\"_blank\" rel=\"noopener\">https:\/\/www.dekirunihongo.jp\/wp-content\/uploads\/doc\/myanmar_syo.pdf<\/a><\/p>\n\n\n\n<p>\u25c6\u300e\u3067\u304d\u308b\u65e5\u672c\u8a9e\u521d\u4e2d\u7d1a\u3000\u672c\u518a\u300f\u8a9e\u5f59\u306e\u30df\u30e3\u30f3\u30de\u30fc\u8a9e\u8a33<\/p>\n\n\n\n<p>\u7ffb\u8a33\u8005<br>Nyunt Nyunt Aye\u3055\u3093<br>Kyi Kyi Naing\u3055\u3093<\/p>\n\n\n\n<p><a href=\"https:\/\/www.dekirunihongo.jp\/wp-content\/uploads\/doc\/myanmar_syocyu.pdf\" target=\"_blank\" rel=\"noopener\">https:\/\/www.dekirunihongo.jp\/wp-content\/uploads\/doc\/myanmar_syocyu.pdf<\/a><\/p>\n\n\n\n<p>\u25c6\u300e\u3067\u304d\u308b\u65e5\u672c\u8a9e\u521d\u7d1a\u3000\u672c\u518a\u300f\u8a9e\u5f59\u306e\u30e2\u30f3\u30b4\u30eb\u8a9e\u8a33<\/p>\n\n\n\n<p>\u7ffb\u8a33\u8005<br>\u30fb\u7267 \u4e45\u7f8e\u5b50\u3055\u3093\uff08\u30e2\u30f3\u30b4\u30eb\u56fd\u7acb\u79d1\u5b66\u6280\u8853\u5927\u5b66\u5185 \u30c4\u30a4\u30cb\u30f3\u30b0\u30d7\u30ed\u30b0\u30e9\u30e0\uff09<br>\u30fbTumendelger Solongo\u3055\u3093\uff08\u540c\u4e0a\uff09<br>\u30fbDorjkhuu Tsendmaa\u3055\u3093\uff08\u540c\u4e0a\uff09<\/p>\n\n\n\n<p><a href=\"https:\/\/www.dekirunihongo.jp\/wp-content\/uploads\/2020\/12\/dekiru_goyaku_syo_Mongol.pdf\" target=\"_blank\" rel=\"noopener\">https:\/\/www.dekirunihongo.jp\/wp-content\/uploads\/2020\/12\/dekiru_goyaku_syo_Mongol.pdf<\/a><\/p>\n\n\n\n<p>\u25c6\u300e\u3067\u304d\u308b\u65e5\u672c\u8a9e\u521d\u4e2d\u7d1a\u3000\u672c\u518a\u300f\u8a9e\u5f59\u306e\u30e2\u30f3\u30b4\u30eb\u8a9e\u8a33<\/p>\n\n\n\n<p>\u7ffb\u8a33\u8005<br>\u30fb\u7267 \u4e45\u7f8e\u5b50\u3055\u3093\uff08\u30e2\u30f3\u30b4\u30eb\u56fd\u7acb\u79d1\u5b66\u6280\u8853\u5927\u5b66\u5185 \u30c4\u30a4\u30cb\u30f3\u30b0\u30d7\u30ed\u30b0\u30e9\u30e0\uff09<br>\u30fbTumendelger Solongo\u3055\u3093\uff08\u540c\u4e0a\uff09<br>\u30fbDorjkhuu Tsendmaa\u3055\u3093\uff08\u540c\u4e0a\uff09<\/p>\n\n\n\n<p><a href=\"https:\/\/www.dekirunihongo.jp\/wp-content\/uploads\/2020\/12\/dekiru_goyaku_syocyu_Mongol.pdf\" target=\"_blank\" rel=\"noopener\">https:\/\/www.dekirunihongo.jp\/wp-content\/uploads\/2020\/12\/dekiru_goyaku_syocyu_Mongol.pdf<\/a><\/p>\n\n\n\n<p>\u25c6\u300e\u3067\u304d\u308b\u65e5\u672c\u8a9e\u521d\u7d1a\u3000\u672c\u518a\u300f\u8a9e\u5f59\u306e\u30dd\u30eb\u30c8\u30ac\u30eb\u8a9e\u8a33<\/p>\n\n\n\n<p>\u7ffb\u8a33\u8005<br>Barbara Sais \u3055\u3093\uff08\u30d6\u30e9\u30b8\u30eb\uff09<\/p>\n\n\n\n<p><a href=\"https:\/\/www.dekirunihongo.jp\/wp-content\/uploads\/doc\/Portugal_syo.pdf\" target=\"_blank\" rel=\"noopener\">https:\/\/www.dekirunihongo.jp\/wp-content\/uploads\/doc\/Portugal_syo.pdf<\/a><\/p>\n\n\n\n<p>\u25c6\u300e\u3067\u304d\u308b\u65e5\u672c\u8a9e\u521d\u4e2d\u7d1a\u3000\u672c\u518a\u300f\u8a9e\u5f59\u306e\u30dd\u30eb\u30c8\u30ac\u30eb\u8a9e\u8a33<\/p>\n\n\n\n<p>\u7ffb\u8a33\u8005<br>Barbara Sais \u3055\u3093\uff08\u30d6\u30e9\u30b8\u30eb\uff09<\/p>\n\n\n\n<p><a href=\"https:\/\/www.dekirunihongo.jp\/wp-content\/uploads\/doc\/Portugal_syocyu.pdf\" target=\"_blank\" rel=\"noopener\">https:\/\/www.dekirunihongo.jp\/wp-content\/uploads\/doc\/Portugal_syocyu.pdf<\/a><\/p>\n\n\n\n<p>\u25c6\u300e\u3067\u304d\u308b\u65e5\u672c\u8a9e\u4e2d\u7d1a\u3000\u672c\u518a\u300f\u8a9e\u5f59\u306e\u30dd\u30eb\u30c8\u30ac\u30eb\u8a9e\u8a33<\/p>\n\n\n\n<p>\u7ffb\u8a33\u8005<br>Barbara Sais \u3055\u3093\uff08\u30d6\u30e9\u30b8\u30eb\uff09<\/p>\n\n\n\n<p><a href=\"https:\/\/www.dekirunihongo.jp\/wp-content\/uploads\/doc\/Portugal_cyu.pdf\" target=\"_blank\" rel=\"noopener\">https:\/\/www.dekirunihongo.jp\/wp-content\/uploads\/doc\/Portugal_cyu.pdf<\/a><\/p>\n\n\n\n<p>\u25c6\u300e\u3067\u304d\u308b\u65e5\u672c\u8a9e\u521d\u7d1a\u3000\u672c\u518a\u300f\u8a9e\u5f59\u306e\u30d9\u30f3\u30ac\u30eb\u8a9e\u8a33<\/p>\n\n\n\n<p>\u7ffb\u8a33\u8005<br>Shaikh Farhad Hossain\u3055\u3093\uff08\u30d0\u30f3\u30b0\u30e9\u30c7\u30b7\u30e5\uff09<\/p>\n\n\n\n<p><a href=\"https:\/\/www.dekirunihongo.jp\/wp-content\/uploads\/doc\/Bangladesh_syo.pdf\" target=\"_blank\" rel=\"noopener\">https:\/\/www.dekirunihongo.jp\/wp-content\/uploads\/doc\/Bangladesh_syo.pdf<\/a><\/p>\n\n\n\n<p>\u25c6\u300e\u3067\u304d\u308b\u65e5\u672c\u8a9e\u521d\u4e2d\u7d1a\u3000\u672c\u518a\u300f\u8a9e\u5f59\u306e\u30d9\u30f3\u30ac\u30eb\u8a9e\u8a33<\/p>\n\n\n\n<p>\u7ffb\u8a33\u8005<br>Shaikh Farhad Hossain\u3055\u3093\uff08\u30d0\u30f3\u30b0\u30e9\u30c7\u30b7\u30e5\uff09<\/p>\n\n\n\n<p><a href=\"https:\/\/www.dekirunihongo.jp\/wp-content\/uploads\/doc\/Bangladesh_syocyu.pdf\" target=\"_blank\" rel=\"noopener\">https:\/\/www.dekirunihongo.jp\/wp-content\/uploads\/doc\/Bangladesh_syocyu.pdf<\/a><\/p>\n\n\n\n<p>\u25c6\u300e\u3067\u304d\u308b\u65e5\u672c\u8a9e\u521d\u7d1a\u3000\u672c\u518a\u300f\u8a9e\u5f59\u306e\u30da\u30eb\u30b7\u30e3\u8a9e\u8a33<\/p>\n\n\n\n<p>\u7ffb\u8a33\u8005<br>Roya Rezagah\u3055\u3093<\/p>\n\n\n\n<p><a href=\"https:\/\/www.dekirunihongo.jp\/wp-content\/uploads\/doc\/Persian_syo.pdf\" target=\"_blank\" rel=\"noopener\">https:\/\/www.dekirunihongo.jp\/wp-content\/uploads\/doc\/Persian_syo.pdf<\/a><\/p>\n\n\n\n<p>\u25c6\u300e\u3067\u304d\u308b\u65e5\u672c\u8a9e\u521d\u7d1a\u3000\u672c\u518a\u300f\u8a9e\u5f59\u306e\u30de\u30ec\u30fc\u8a9e\u8a33<\/p>\n\n\n\n<p>\u7ffb\u8a33\u8005<br>Adeline Yeo\u3055\u3093<br>Chong Jia Fong\u3055\u3093<br>Hu Hooi Ting\u3055\u3093<br>Ng Shet Lee\u3055\u3093<br>Loh Qiuting\u3055\u3093<\/p>\n\n\n\n<p><a href=\"https:\/\/www.dekirunihongo.jp\/wp-content\/uploads\/doc\/Malay_syo_202109.pdf\" target=\"_blank\" rel=\"noopener\">https:\/\/www.dekirunihongo.jp\/wp-content\/uploads\/doc\/Malay_syo_202109.pdf<\/a><\/p>\n\n\n\n<p>\u25c6\u300e\u3067\u304d\u308b\u65e5\u672c\u8a9e\u521d\u4e2d\u7d1a\u3000\u672c\u518a\u300f\u8a9e\u5f59\u306e\u30de\u30ec\u30fc\u8a9e\u8a33<\/p>\n\n\n\n<p>\u7ffb\u8a33\u8005<br>Siti Aqilah binti Abdul Khair\u3055\u3093<\/p>\n\n\n\n<p>\u521d\u4e2d\u7d1a\u30de\u30ec\u30fc\u8a9e\u8a33<\/p>\n\n\n\n<p><a href=\"https:\/\/www.dekirunihongo.jp\/wp-content\/uploads\/2022\/09\/Malay_syocyu.pdf\" target=\"_blank\" rel=\"noreferrer noopener\">https:\/\/www.dekirunihongo.jp\/wp-content\/uploads\/2022\/09\/Malay_syocyu.pdf<\/a><\/p>\n\n\n\n<p>\u521d\u4e2d\u7d1a\u30de\u30ec\u30fc\u8a9e\uff0b\u82f1\u8a9e<\/p>\n\n\n\n<p><a href=\"https:\/\/www.dekirunihongo.jp\/wp-content\/uploads\/2022\/09\/Malay_e_syocyu.pdf\" target=\"_blank\" rel=\"noreferrer noopener\">https:\/\/www.dekirunihongo.jp\/wp-content\/uploads\/2022\/09\/Malay_e_syocyu.pdf<\/a><\/p>\n\n\n\n<p>\u25c6\u300e\u3067\u304d\u308b\u65e5\u672c\u8a9e\u4e2d\u7d1a\u3000\u672c\u518a\u300f\u8a9e\u5f59\u306e\u4e2d\u56fd\u8a9e\u8a33<\/p>\n\n\n\n<p>\u7ffb\u8a33\u8005<br>\u738b \u6fa4\u3055\u3093<br>\u99ac \u7389\u6f54\u3055\u3093<br>\u91d1 \u73b2\u3055\u3093<\/p>\n\n\n\n<p>\uff11\u8ab2\u304b\u3089\uff11\uff18\u8ab2<br><a href=\"https:\/\/www.dekirunihongo.jp\/wp-content\/uploads\/doc\/China_cyu_1-18.pdf\" target=\"_blank\" rel=\"noopener\">https:\/\/www.dekirunihongo.jp\/wp-content\/uploads\/doc\/China_cyu_1-18.pdf<\/a><\/p>\n\n\n\n<p>19\u300120\u8ab2<br><a href=\"https:\/\/www.dekirunihongo.jp\/wp-content\/uploads\/doc\/China_cyu_19-20.pdf\" target=\"_blank\" rel=\"noopener\">https:\/\/www.dekirunihongo.jp\/wp-content\/uploads\/doc\/China_cyu_19-20.pdf<\/a><\/p>\n\n\n\n<p>\u25c6\u300e\u3067\u304d\u308b\u65e5\u672c\u8a9e\u4e2d\u7d1a\u3000\u672c\u518a\u300f\u8a9e\u5f59\u306e\u30ed\u30b7\u30a2\u8a9e\u8a33<br>\u3000\u3000<strong>\u300c\u3053\u308c\u306f\u3001\u521d\u7248\u306e\u6559\u79d1\u66f8\u306e\u8a9e\u5f59\u8a33\u3068\u306a\u3063\u3066\u3044\u307e\u3059\u300d<\/strong><\/p>\n\n\n\n<p>\u7ffb\u8a33\u8005<br>\u30c1\u30b7\u30b3\u3000\u30c0\u30cb\u30a4\u30eb\u3055\u3093<\/p>\n\n\n\n<p><a href=\"https:\/\/www.dekirunihongo.jp\/wp-content\/uploads\/2022\/04\/Russia_cyu.pdf\" target=\"_blank\" rel=\"noreferrer noopener\">https:\/\/www.dekirunihongo.jp\/wp-content\/uploads\/2022\/04\/Russia_cyu.pdf<\/a><\/p>\n\n\n\n<p>\u25c6\u300e\u3067\u304d\u308b\u65e5\u672c\u8a9e\u521d\u7d1a\u3000\u672c\u518a\u300f\u8a9e\u5f59\u306e\u30a6\u30af\u30e9\u30a4\u30ca\u8a9e\u8a33<\/p>\n\n\n\n<p>(Google\u7ffb\u8a33)&nbsp; Masako Hashimoto<br>(\u4fee\u6b63\u5354\u529b\u8005)&nbsp; Alexander Biryukov\u3000&amp;&nbsp; &nbsp;Richard Parker<br><\/p>\n\n\n\n<p><a href=\"https:\/\/www.dekirunihongo.jp\/wp-content\/uploads\/2022\/04\/Ukraine_syo.pdf\" target=\"_blank\" rel=\"noreferrer noopener\">https:\/\/www.dekirunihongo.jp\/wp-content\/uploads\/2022\/04\/Ukraine_syo.pdf<\/a><\/p>\n\n\n\n<p>\u25c6\u300e\u3067\u304d\u308b\u65e5\u672c\u8a9e\u4e2d\u7d1a\u3000\u672c\u518a\u300f\u8a9e\u5f59\u306e\u97d3\u56fd\u8a9e\u8a33<\/p>\n\n\n\n<p>\u7ffb\u8a33\u8005<br>\u30db\u30f3\u3000\u30bd\u30f3\u30aa\u30f3\u3055\u3093<\/p>\n\n\n\n<p><a href=\"https:\/\/www.dekirunihongo.jp\/wp-content\/uploads\/2022\/05\/dekiru_korean_cyu.pdf\" target=\"_blank\" rel=\"noreferrer noopener\">https:\/\/www.dekirunihongo.jp\/wp-content\/uploads\/2022\/05\/dekiru_korean_cyu.pdf<\/a><\/p>\n\n\n\n<p> <p>\u25c6\u300e\u3067\u304d\u308b\u65e5\u672c\u8a9e\u521d\u7d1a\u3000\u672c\u518a\u300f\u8a9e\u5f59\u306e\u30b7\u30f3\u30cf\u30e9\u8a9e\u8a33<\/p><p>\u7ffb\u8a33\u8005<\/p><\/p>\n\n\n\n<p>\u30e9\u30b7\u30ab\u30fc \u30e9\u30af\u30de\u30fc\u30ea\u30ef\u30fc\u30b5\u30e9\u3055\u3093<\/p>\n\n\n\n<p>\u30cf\u30f3\u30b5\u30cb \u30de\u30c0\u30fc\u30e9 \u3055\u3093<\/p>\n\n\n\n<p><a href=\"https:\/\/www.dekirunihongo.jp\/wp-content\/uploads\/2022\/10\/Sinhala_syo_2.pdf\" data-type=\"URL\" data-id=\"https:\/\/www.dekirunihongo.jp\/wp-content\/uploads\/2022\/10\/Sinhala_syo_2.pdf\" target=\"_blank\" rel=\"noreferrer noopener\">https:\/\/www.dekirunihongo.jp\/wp-content\/uploads\/2022\/10\/Sinhala_syo_2.pdf<\/a><\/p>\n\n\n\n<p>\u25c6\u30a2\u30eb\u30af\u306b\u3088\u308b\u8a9e\u5f59\u8a33<\/p>\n\n\n\n<div>\u521d\u7d1a<\/div>\n\n\n\n<div><a href=\"https:\/\/www.alc.co.jp\/dl\/7008004\/\" target=\"_blank\" rel=\"noopener\" data-saferedirecturl=\"https:\/\/www.google.com\/url?q=https:\/\/www.alc.co.jp\/dl\/7008004\/&amp;source=gmail&amp;ust=1615251139833000&amp;usg=AFQjCNEee9BqSb7sjSmNMNBb8jwVynyDQg\">https:\/\/www.alc.co.jp\/dl\/<wbr>7008004\/<\/a><\/div>\n\n\n\n<div style=\"padding-left: 30px;\">\uff08\u82f1\u8a9e\u30fb\u4e2d\u56fd\u8a9e\u30fb\u97d3\u56fd\u8a9e\u30fb\u30d9\u30c8\u30ca\u30e0\u8a9e\u30fb\u30cd\u30d1\u30fc\u30eb\u8a9e\uff09<\/div>\n\n\n\n<div>\u521d\u4e2d\u7d1a<\/div>\n\n\n\n<div><a href=\"https:\/\/www.alc.co.jp\/dl\/7012019\/\" target=\"_blank\" rel=\"noopener\" data-saferedirecturl=\"https:\/\/www.google.com\/url?q=https:\/\/www.alc.co.jp\/dl\/7012019\/&amp;source=gmail&amp;ust=1615251139833000&amp;usg=AFQjCNHaXnou8bA2SvFl77jZVhpU3vQHFA\">https:\/\/www.alc.co.jp\/dl\/<wbr>7012019\/<\/a><\/div>\n\n\n\n<div style=\"padding-left: 30px;\">\uff08\u82f1\u8a9e\u30fb\u4e2d\u56fd\u8a9e\u30fb\u97d3\u56fd\u8a9e\u30fb\u30d9\u30c8\u30ca\u30e0\u8a9e\u30fb\u30cd\u30d1\u30fc\u30eb\u8a9e\uff09<\/div>\n\n\n\n<div>\u4e2d\u7d1a<\/div>\n\n\n\n<div><a href=\"https:\/\/www.alc.co.jp\/dl\/7013029\/\" target=\"_blank\" rel=\"noopener\" data-saferedirecturl=\"https:\/\/www.google.com\/url?q=https:\/\/www.alc.co.jp\/dl\/7013029\/&amp;source=gmail&amp;ust=1615251139833000&amp;usg=AFQjCNHWMxWPFu2osl_J6Xihl3J0onBhyQ\">https:\/\/www.alc.co.jp\/dl\/<wbr>7013029\/<\/a><\/div>\n\n\n\n<p>\uff08\u82f1\u8a9e\u30fb\u30d9\u30c8\u30ca\u30e0\u8a9e\u30fb\u30cd\u30d1\u30fc\u30eb\u8a9e\uff09<\/p>\n","protected":false},"excerpt":{"rendered":"\u672c\u518a\u306e\u8a9e\u5f59\u8a33\u306f\u3001\u30a2\u30eb\u30af\u306e\u30c0\u30a6\u30f3\u30ed\u30fc\u30c9\u30bb\u30f3\u30bf\u30fc\u304b\u3089\u4ee5\u4e0b\u306e\u30d0\u30fc\u30b8\u30e7\u30f3\u304c\u30c0\u30a6\u30f3\u30ed\u30fc\u30c9\u3067\u304d\u307e\u3059\u3002 \u521d\u7d1a\u3001\u521d\u4e2d\u7d1a\u2192\u3000\u3000 \u82f1\u8a9e\u30fb\u4e2d\u56fd\u8a9e\u30fb\u97d3\u56fd\u8a9e\u30fb\u30d9\u30c8\u30ca\u30e0\u8a9e\u30fb\u30cd\u30d1\u30fc\u30eb\u8a9e\u4e2d\u7d1a\u3000\u3000\u3000\u3000\u2192\u3000\u3000\u82f1\u8a9e\u30fb\u30d9\u30c8\u30ca\u30e0\u8a9e\u30fb\u30cd\u30d1\u30fc\u30eb\u8a9e \u203b\u300c\u4e2d\u7d1a\uff19\u8ab2\u300d\u300c\u5730 [&hellip;]","protected":false},"author":1,"featured_media":0,"parent":149,"menu_order":8,"comment_status":"closed","ping_status":"closed","template":"","meta":{"footnotes":""},"_links":{"self":[{"href":"https:\/\/www.dekirunihongo.jp\/index.php?rest_route=\/wp\/v2\/pages\/175"}],"collection":[{"href":"https:\/\/www.dekirunihongo.jp\/index.php?rest_route=\/wp\/v2\/pages"}],"about":[{"href":"https:\/\/www.dekirunihongo.jp\/index.php?rest_route=\/wp\/v2\/types\/page"}],"author":[{"embeddable":true,"href":"https:\/\/www.dekirunihongo.jp\/index.php?rest_route=\/wp\/v2\/users\/1"}],"replies":[{"embeddable":true,"href":"https:\/\/www.dekirunihongo.jp\/index.php?rest_route=%2Fwp%2Fv2%2Fcomments&post=175"}],"version-history":[{"count":68,"href":"https:\/\/www.dekirunihongo.jp\/index.php?rest_route=\/wp\/v2\/pages\/175\/revisions"}],"predecessor-version":[{"id":2627,"href":"https:\/\/www.dekirunihongo.jp\/index.php?rest_route=\/wp\/v2\/pages\/175\/revisions\/2627"}],"up":[{"embeddable":true,"href":"https:\/\/www.dekirunihongo.jp\/index.php?rest_route=\/wp\/v2\/pages\/149"}],"wp:attachment":[{"href":"https:\/\/www.dekirunihongo.jp\/index.php?rest_route=%2Fwp%2Fv2%2Fmedia&parent=175"}],"curies":[{"name":"wp","href":"https:\/\/api.w.org\/{rel}","templated":true}]}}